{"id":282,"date":"2012-06-03T18:31:45","date_gmt":"2012-06-03T16:31:45","guid":{"rendered":"http:\/\/ortho-hilf.de\/?page_id=282"},"modified":"2016-03-25T22:43:52","modified_gmt":"2016-03-25T20:43:52","slug":"impressum","status":"publish","type":"page","link":"https:\/\/ortho-hilf.de\/?page_id=282","title":{"rendered":"Impressum"},"content":{"rendered":"<p>&nbsp;<\/p>\n<p><strong>Das Gewerbe und Ladenlokal Ortho-Hilf wurde am 31. Dezember 2015 abgemeldet.<\/strong><\/p>\n<p><strong>ORTHO &#8211; HILF<\/strong><br \/>\nOrthop\u00e4dische-Hilfsmittel<\/p>\n<p>Gartenstr. 8<br \/>\nD-75217 Birkenfeld \/ Enzkreis<\/p>\n<p>Eigent\u00fcmer:<br \/>\nBernhard Spall<\/p>\n<p>Kontakt:<br \/>\nTel.: 07231 471296<br \/>\nFax: 07231 471299<br \/>\nMail: <img decoding=\"async\" alt=\"Mailadresse\" src=\"http:\/\/www.ortho-hilf.de\/bilder\/email.jpg\" \/><br \/>\nWeb.: www.ortho-hilf.de<\/p>\n<p>Ust.- ID: 49236 11007<br \/>\nIK Nr.: 330825633<\/p>\n<p>Web-Admin:<br \/>\nUli Walter<br \/>\n.<br \/>\n.<br \/>\n.<br \/>\n.<\/p>\n<p>Haftungsausschluss<\/p>\n<p>1. Inhalt des Onlineangebotes:<\/p>\n<p>Der Verfasser \u00fcbernimmt keine Gew\u00e4hr in Bezug auf Aktualit\u00e4t, Richtigkeit, Vollst\u00e4ndigkeit oder G\u00fcte der bereitgestellten Informationen. Haftungsanspr\u00fcche wegen materiellen oder ideellen Sch\u00e4den Art, die durch die Nutzung oder Nichtnutzung ver\u00f6ffentlicher, fehlerhafter oder unvollst\u00e4ndiger Informationen verursacht wurden, sind ausgeschlossen, solang kein vors\u00e4tzliches oder grob fahrl\u00e4ssiges Verschulden vorliegt. Alle Angebote sind freibleibend und unverbindlich. Teile der Seiten oder das gesamte Angebot k\u00f6nnen ohne gesonderte Ank\u00fcndigung ver\u00e4ndert, erg\u00e4nzt, gel\u00f6scht oder die Ver\u00f6ffentlichung zeitweise oder endg\u00fcltig eingestellt werden.<\/p>\n<p>2. Weiterf\u00fchrende Verweise<\/p>\n<p>Bei jedwegichen Verweisen auf fremde Internetseiten au\u00dferhalb des Verantwortungsbereiches dieser Webdomaine erkl\u00e4rt der Autor hiermit ausdr\u00fccklich, dass zum Zeitpunkt der Linksetzung keine illegalen Inhalte auf den zu verlinkenden Seiten erkennbar waren. Auf die aktuelle und zuk\u00fcnftige Gestaltung, die Inhalte oder die Urheberschaft der gelinkten\/verkn\u00fcpften Seiten hat der Autor keinerlei Einfluss. Deshalb distanziert er sich hiermit ausdr\u00fccklich von allen Inhalten aller gelinkten\/verkn\u00fcpften Seiten, die nach der Linksetzung ver\u00e4ndert wurden. Diese Feststellung gilt f\u00fcr alle innerhalb des eigenen Internetangebotes gesetzten Links und Verweise sowie f\u00fcr Fremdeintr\u00e4ge in eingerichteten G\u00e4steseiten und sonstige Formulare. F\u00fcr illegale, fehlerhafte oder unvollst\u00e4ndige Inhalte und insbesondere f\u00fcr Sch\u00e4den, die aus der Nutzung oder Nichtnutzung jedweger Informationen entstehen, haftet nicht der den Link setzende.<\/p>\n<p>3. Urheber- und Kennzeichnung:<\/p>\n<p>Der Autor achtet bei allen inhaltlichen Bausteinen darauf, von ihm selbst erstellte Grafiken, Tondokumente, Videosequenzen und Texte zu nutzen oder auf lizenzfreie Grafiken, Tondokumente, Videosequenzen und Texte zuzugreifen. Alle im Internet durch Dritte gesch\u00fctzten Marken- und Warenzeichen unterliegen uneingeschr\u00e4nkt den Bestimmungen des jeweils g\u00fcltigen Kennzeichenrechts und den Besitzrechten der jeweiligen eingetragenen Eigent\u00fcmer. Die reine Nennung entbindet nicht von dem Schutz des Markenzeichen durch Rechte Dritter. Das Copyright bleibt allein beim Autor der Seiten. F\u00fcr Vervielf\u00e4ltigungen oder Verwendungen ist die Einwilligung des Erstellers n\u00f6tig.<\/p>\n<p>4. Datenschutz:<\/p>\n<p>Einwilligung Datenschutz<\/p>\n<p>Die M\u00f6glichkeit zur Eingabe pers\u00f6nlicher oder gesch\u00e4ftlicher Daten (E-Mail-Adressen, Namen, Anschriften, Zahlungsverkehr und andere pers\u00f6nliche Daten) erfolgt seitens des Nutzersauf auf freiwilliger Basis. Die Inanspruchnahme unserer Dienstleistungen ist aber ohne Angabe der ben\u00f6tigten Daten bzw. unter Angabe anonymisierter Daten oder eines Pseudonyms nicht m\u00f6glich.<br \/>\nDie Inanspruchnahme und Bezahlung einzelner angebotenen Dienste ist &#8211; soweit technisch m\u00f6glich und zumutbar und mit dem Anbieter gesondert vereinbart, &#8211; auch ohne Angabe solcher Daten bzw. unter Angabe verschl\u00fcsselter Daten erlaubt. \u00b0Datenzugriff ist nur Personen m\u00f6glich, die arbeitsbedingt mit der Servertechnik oder der Auftragsabwicklung beauftragt sind.<\/p>\n<p>5. Rechtswirksamkeit \u2013Salvatorische Klausel:<\/p>\n<p>Dieser Haftungsausschluss ist Teil der Internetseite <a title=\"\" href=\"https:\/\/ortho-hilf.de\/?tag=ortho-hilf-de\">ORTHO-HILF.DE<\/a>. Sofern Teile oder einzelne Formulierungen dieses Schriftst\u00fcckes der geltenden Rechtslage nicht, nicht mehr oder nicht vollst\u00e4ndig entsprechen sollten, bleiben die \u00fcbrigen Teile des Schriftst\u00fcckes in ihrem Inhalt, Sinn und ihrer G\u00fcltigkeit davon unber\u00fchrt.<\/p>\n<p>6.Allgemeines:<\/p>\n<p>Mit Urteil vom 12. Mai 1998 &#8211; 312 O 85\/98 &#8211; &#8222;Haftung f\u00fcr Links&#8220; hat das Landgericht (LG) Hamburg entschieden, dass man durch das Setzen eines Links, die Inhalte der gelinkten Seite ggf. mit zu verantworten hat. Dies kann &#8211; so das LG &#8211; nur dadurch verhindert werden, dass man sich ausdr\u00fccklich von diesen Inhalten distanziert. Hiermit distanzieren wir uns ausdr\u00fccklich von den verlinkten Seiten sowie nachtr\u00e4glich ver\u00e4nderten Inhalten der verlinkten Beitr\u00e4gen.<\/p>\n<p>.<br \/>\nSlogan: <strong><strong>ORTHO<\/strong>p\u00e4dische <strong>HILF<\/strong>smittel die man sich w\u00fcnscht<\/strong><\/p>\n","protected":false},"excerpt":{"rendered":"<p>&nbsp; Das Gewerbe und Ladenlokal Ortho-Hilf wurde am 31. Dezember 2015 abgemeldet. ORTHO &#8211; HILF Orthop\u00e4dische-Hilfsmittel Gartenstr. 8 D-75217 Birkenfeld \/ Enzkreis Eigent\u00fcmer: Bernhard Spall Kontakt: Tel.: 07231 471296 Fax: 07231 471299 Mail: Web.: www.ortho-hilf.de Ust.- ID: 49236 11007 IK &hellip; <a href=\"https:\/\/ortho-hilf.de\/?page_id=282\">Weiterlesen <span class=\"meta-nav\">&rarr;<\/span><\/a><\/p>\n","protected":false},"author":1,"featured_media":0,"parent":0,"menu_order":10,"comment_status":"closed","ping_status":"closed","template":"","meta":{"footnotes":"","_links_to":"","_links_to_target":""},"class_list":["post-282","page","type-page","status-publish","hentry"],"_links":{"self":[{"href":"https:\/\/ortho-hilf.de\/index.php?rest_route=\/wp\/v2\/pages\/282","targetHints":{"allow":["GET"]}}],"collection":[{"href":"https:\/\/ortho-hilf.de\/index.php?rest_route=\/wp\/v2\/pages"}],"about":[{"href":"https:\/\/ortho-hilf.de\/index.php?rest_route=\/wp\/v2\/types\/page"}],"author":[{"embeddable":true,"href":"https:\/\/ortho-hilf.de\/index.php?rest_route=\/wp\/v2\/users\/1"}],"replies":[{"embeddable":true,"href":"https:\/\/ortho-hilf.de\/index.php?rest_route=%2Fwp%2Fv2%2Fcomments&post=282"}],"version-history":[{"count":27,"href":"https:\/\/ortho-hilf.de\/index.php?rest_route=\/wp\/v2\/pages\/282\/revisions"}],"predecessor-version":[{"id":724,"href":"https:\/\/ortho-hilf.de\/index.php?rest_route=\/wp\/v2\/pages\/282\/revisions\/724"}],"wp:attachment":[{"href":"https:\/\/ortho-hilf.de\/index.php?rest_route=%2Fwp%2Fv2%2Fmedia&parent=282"}],"curies":[{"name":"wp","href":"https:\/\/api.w.org\/{rel}","templated":true}]}}