{"id":17,"date":"2020-06-14T12:23:00","date_gmt":"2020-06-14T10:23:00","guid":{"rendered":"http:\/\/ortho-hilf.de\/?page_id=17"},"modified":"2020-06-14T12:24:16","modified_gmt":"2020-06-14T10:24:16","slug":"ueber-mich","status":"publish","type":"page","link":"https:\/\/ortho-hilf.de\/?page_id=17","title":{"rendered":"\u00fcber mich"},"content":{"rendered":"<p><img decoding=\"async\" style=\"float: left; padding: 16px;\" src=\"http:\/\/www.ortho-hilf.de\/bilder\/bs.jpg\" alt=\"Bernhard Spall\"><\/p>\n<div align=\"justify\">Das menschliche, -sprich seelische, k\u00f6rperlich, geistige und soziale- Verst\u00e4ndnis f\u00fcr Zust\u00e4nden nach dem Verlust der Kerngesundheit hat sich bei mir auf Grund meines eigenen, ganz induviduellem Lebensweges entwickelt, das Finden und (Be-)Schaffen von notwendigen Hilfsmitteln habe ich w\u00e4hrend meiner langj\u00e4hrigen T\u00e4tigkeit im Gesundheitswesen als &#8222;Prothesenbauer&#8220; erlernt.<\/p>\n<p><span style=\"font-size: medium;\">Zu Beginn meiner beruflichen Entwicklung arbeitete ich als Zahntechniker und machte so die ersten Erfahrungen im Herstellen &#8222;k\u00fcnstliche Ersatz-Hilfsmittel&#8220; f\u00fcr den bestm\u00f6glichen Ausgleich kleinerer oder gr\u00f6\u00dferer Erschwernisse im Alltag.<\/span><\/p>\n<p><span style=\"font-size: medium;\">Nach diversen Reise-\/(Wander-) Jahren entschied ich mich f\u00fcr ein neues Berufsfeld, blieb aber dabei dem Thema Hilfsmittel treu.<\/span><\/p>\n<p><span style=\"font-size: medium;\">Im Jahre 1989 schloss ich eine Umschulung als Orthop\u00e4diemechaniker ab und besch\u00e4ftige mich nunmehr seit \u00fcber 20 Jahren mit der Wirkung von technisch-mechanischem Material auf biomechanische und medizinsche Hilfs-und Heilprozesse. <\/span><\/p>\n<p><span style=\"font-size: medium;\">Behinderungen wegzaubern kann ich nicht, aber ich will mittels prothetisch eingesetzter Hilfsmittel der Behinderung die behindernde Auswirkung auf die Lebensqualit\u00e4t soweit als m\u00f6glich nehmen. <\/span><\/p>\n<p>Ihre unvergleichbare&nbsp; Lebensleistung verdient vollste Anerkennung und Wertsch\u00e4tzung, \u00dcber Ihre Kr\u00e4fte hinausgehende Anspr\u00fcche an sich selbst fordern nicht selten gesundheitliche Opfer. Die Aufgabe ist es, Notwendigkeiten zu erkennen und durch Einsatz des geringstm\u00f6glichen Hilfsmittels das Ziel zu erreichen.<\/p>\n<p>Das ist mein K\u00f6nnen- mein Beruf.<\/p>\n<p><span style=\"font-size: medium;\">Auf Grund meiner fachlichen Qualifikationen besitze ich die Sondergenehmigung der Handwerkskammer Karlsruhe als Nicht-Meister f\u00fcr alle T\u00e4tigkeiten im Bereich:<\/span><\/p>\n<p><span style=\"font-size: medium;\">Reha-Technik, Orthesen, medizinische Bandagen, Einlagen und Kompressionsstr\u00fcmpfe (Lymphologie)<\/span><\/p>\n<p>Bernhard Spall<\/p>\n<\/div>\n","protected":false},"excerpt":{"rendered":"<p>Das menschliche, -sprich seelische, k\u00f6rperlich, geistige und soziale- Verst\u00e4ndnis f\u00fcr Zust\u00e4nden nach dem Verlust der Kerngesundheit hat sich bei mir auf Grund meines eigenen, ganz induviduellem Lebensweges entwickelt, das Finden und (Be-)Schaffen von notwendigen Hilfsmitteln habe ich w\u00e4hrend meiner langj\u00e4hrigen &hellip; <a href=\"https:\/\/ortho-hilf.de\/?page_id=17\">Weiterlesen <span class=\"meta-nav\">&rarr;<\/span><\/a><\/p>\n","protected":false},"author":1,"featured_media":0,"parent":0,"menu_order":3,"comment_status":"closed","ping_status":"closed","template":"","meta":{"footnotes":"","_links_to":"","_links_to_target":""},"class_list":["post-17","page","type-page","status-publish","hentry"],"_links":{"self":[{"href":"https:\/\/ortho-hilf.de\/index.php?rest_route=\/wp\/v2\/pages\/17","targetHints":{"allow":["GET"]}}],"collection":[{"href":"https:\/\/ortho-hilf.de\/index.php?rest_route=\/wp\/v2\/pages"}],"about":[{"href":"https:\/\/ortho-hilf.de\/index.php?rest_route=\/wp\/v2\/types\/page"}],"author":[{"embeddable":true,"href":"https:\/\/ortho-hilf.de\/index.php?rest_route=\/wp\/v2\/users\/1"}],"replies":[{"embeddable":true,"href":"https:\/\/ortho-hilf.de\/index.php?rest_route=%2Fwp%2Fv2%2Fcomments&post=17"}],"version-history":[{"count":46,"href":"https:\/\/ortho-hilf.de\/index.php?rest_route=\/wp\/v2\/pages\/17\/revisions"}],"predecessor-version":[{"id":804,"href":"https:\/\/ortho-hilf.de\/index.php?rest_route=\/wp\/v2\/pages\/17\/revisions\/804"}],"wp:attachment":[{"href":"https:\/\/ortho-hilf.de\/index.php?rest_route=%2Fwp%2Fv2%2Fmedia&parent=17"}],"curies":[{"name":"wp","href":"https:\/\/api.w.org\/{rel}","templated":true}]}}