{"id":150,"date":"2012-05-15T19:26:23","date_gmt":"2012-05-15T17:26:23","guid":{"rendered":"http:\/\/ortho-hilf.de\/?page_id=150"},"modified":"2024-01-22T20:24:15","modified_gmt":"2024-01-22T18:24:15","slug":"fur-externe-auftraggeber","status":"publish","type":"page","link":"https:\/\/ortho-hilf.de\/?page_id=150","title":{"rendered":"F\u00fcr externe Auftraggeber"},"content":{"rendered":"<div align=\"justify\">Fl\u00e4chen\u00fcbergreifende Kassenvertr\u00e4ge zwingen viele Sanit\u00e4tsh\u00e4user zu Vertragsabschl\u00fcssen, die sie verpflichten, auch \u00f6rtlich weit entfernte Kunden zu betreuen. Eine schnelle und zuverl\u00e4ssige Versorgung nach gesetzlichen Vorgaben erfordert einen hohen Aufwand und die weiten Wege belasten die Umwelt.Mein besonderes Angebot richtet sich an Sanit\u00e4tsha\u00fcser, die auf Grund von logistischer \u00dcberlegungen gerne einen externen, kompetenten und unabh\u00e4ngigen Servic-Partner beauftragen m\u00f6chten, der sich ortsnah z.B. um Betreung, Beratung, Vermessung, Wartung und Auftrags-Entgegennahme k\u00fcmmern kann. Der Vorteil liegt auch in der Kenntnis der ortsspezivischen Begebenheiten und m\u00f6glichen Neukundengewinnung.<\/p>\n<p>Um den Charakter des beauftragenden Unternehmens dem Kunden gegen\u00fcber richtig repr\u00e4sentieren zu k\u00f6nnen, und um auch dem Sanit\u00e4tshaus\/Fachhandel meine Leistungsf\u00e4higkeit bekannt zu machen, komme ich gerne zum &#8222;Probearbeiten&#8220; in das Kernhaus und gleiche mein Verhalten mit Ihrer Marketing-Strategie ab.<\/p>\n<p>Bei Interesse an diesem Angebot kontaktieren Sie Bernhard Spall , am besten per E-mail: <a href=\"mailto:info@ortho-hilf.de\">info@ortho-hilf.de<\/a>.<\/p>\n<p>Meine Ausnahmebewilligung der Handwerkskammer erstreckt sich auf Versorgungen in folgenden Bereichen:<\/p>\n<p>Hilfsmittel- und Rehafachberater<\/p>\n<p>Orthesen<br \/>\nmedizinische Bandagen<br \/>\nEinlagen<\/p>\n<p>Kompressionsbestrumpfung\/Lymphologischer Fachberater &#8211; hierf\u00fcr stand bis 31.12.2015 auch mein pr\u00e4qualifizierter Home-Laden zur Verf\u00fcgung (PG:02A,08A,17A,17B,99A).<\/p>\n<p><span style=\"color: #ff0000;\"><em><strong>Das Gewerbe Ortho-Hilf wurde von mir am 31.12.2015 abgemeldet.<\/strong><\/em><\/span><\/p>\n<p>Im Prothesenbau besitze ich ausbauf\u00e4hige Kenntnisse, habe aber keine Ausnahmebewilligung beantragt.<\/p>\n<\/div>\n","protected":false},"excerpt":{"rendered":"<p>Fl\u00e4chen\u00fcbergreifende Kassenvertr\u00e4ge zwingen viele Sanit\u00e4tsh\u00e4user zu Vertragsabschl\u00fcssen, die sie verpflichten, auch \u00f6rtlich weit entfernte Kunden zu betreuen. Eine schnelle und zuverl\u00e4ssige Versorgung nach gesetzlichen Vorgaben erfordert einen hohen Aufwand und die weiten Wege belasten die Umwelt.Mein besonderes Angebot richtet sich &hellip; <a href=\"https:\/\/ortho-hilf.de\/?page_id=150\">Weiterlesen <span class=\"meta-nav\">&rarr;<\/span><\/a><\/p>\n","protected":false},"author":1,"featured_media":0,"parent":0,"menu_order":8,"comment_status":"closed","ping_status":"closed","template":"","meta":{"footnotes":"","_links_to":"","_links_to_target":""},"class_list":["post-150","page","type-page","status-publish","hentry"],"_links":{"self":[{"href":"https:\/\/ortho-hilf.de\/index.php?rest_route=\/wp\/v2\/pages\/150","targetHints":{"allow":["GET"]}}],"collection":[{"href":"https:\/\/ortho-hilf.de\/index.php?rest_route=\/wp\/v2\/pages"}],"about":[{"href":"https:\/\/ortho-hilf.de\/index.php?rest_route=\/wp\/v2\/types\/page"}],"author":[{"embeddable":true,"href":"https:\/\/ortho-hilf.de\/index.php?rest_route=\/wp\/v2\/users\/1"}],"replies":[{"embeddable":true,"href":"https:\/\/ortho-hilf.de\/index.php?rest_route=%2Fwp%2Fv2%2Fcomments&post=150"}],"version-history":[{"count":14,"href":"https:\/\/ortho-hilf.de\/index.php?rest_route=\/wp\/v2\/pages\/150\/revisions"}],"predecessor-version":[{"id":816,"href":"https:\/\/ortho-hilf.de\/index.php?rest_route=\/wp\/v2\/pages\/150\/revisions\/816"}],"wp:attachment":[{"href":"https:\/\/ortho-hilf.de\/index.php?rest_route=%2Fwp%2Fv2%2Fmedia&parent=150"}],"curies":[{"name":"wp","href":"https:\/\/api.w.org\/{rel}","templated":true}]}}